{"id":4616,"date":"2023-01-21T14:54:47","date_gmt":"2023-01-21T13:54:47","guid":{"rendered":"http:\/\/spabron.nl\/buchung\/hotel\/"},"modified":"2023-01-26T09:46:37","modified_gmt":"2023-01-26T08:46:37","slug":"hotel","status":"publish","type":"page","link":"https:\/\/spabron.nl\/de\/buchung\/hotel\/","title":{"rendered":"Hotel"},"content":{"rendered":"\t\t<div data-elementor-type=\"wp-page\" data-elementor-id=\"4616\" class=\"elementor elementor-4616 elementor-961\" data-elementor-post-type=\"page\">\n\t\t\t\t\t\t<section class=\"elementor-section elementor-top-section elementor-element elementor-element-42e5681 elementor-section-height-min-height elementor-section-full_width elementor-section-height-default elementor-section-items-middle\" data-id=\"42e5681\" data-element_type=\"section\" data-e-type=\"section\" data-settings=\"{&quot;background_background&quot;:&quot;slideshow&quot;,&quot;background_slideshow_gallery&quot;:[{&quot;id&quot;:803,&quot;url&quot;:&quot;http:\\\/\\\/spabron.nl\\\/wp-content\\\/uploads\\\/2023\\\/01\\\/Zwembad-goed-Spabron-2000px.jpg&quot;}],&quot;motion_fx_motion_fx_scrolling&quot;:&quot;yes&quot;,&quot;background_slideshow_loop&quot;:&quot;yes&quot;,&quot;background_slideshow_slide_duration&quot;:5000,&quot;background_slideshow_slide_transition&quot;:&quot;fade&quot;,&quot;background_slideshow_transition_duration&quot;:500,&quot;motion_fx_devices&quot;:[&quot;desktop&quot;,&quot;laptop&quot;,&quot;tablet&quot;,&quot;mobile&quot;]}\">\n\t\t\t\t\t\t\t<div class=\"elementor-background-overlay\"><\/div>\n\t\t\t\t\t\t\t<div class=\"elementor-container elementor-column-gap-default\">\n\t\t\t\t\t<div class=\"elementor-column elementor-col-100 elementor-top-column elementor-element elementor-element-754d0c3 animated-slow elementor-invisible\" data-id=\"754d0c3\" data-element_type=\"column\" data-e-type=\"column\" data-settings=\"{&quot;animation&quot;:&quot;fadeIn&quot;,&quot;animation_delay&quot;:0}\">\n\t\t\t<div class=\"elementor-widget-wrap elementor-element-populated\">\n\t\t\t\t\t\t<div class=\"elementor-element elementor-element-7ffdf0e uael-heading-align-center animated-slow elementor-invisible elementor-widget elementor-widget-uael-advanced-heading\" data-id=\"7ffdf0e\" data-element_type=\"widget\" data-e-type=\"widget\" data-settings=\"{&quot;_animation&quot;:&quot;slideInDown&quot;}\" data-widget_type=\"uael-advanced-heading.default\">\n\t\t\t\t\t\t<div class=\"elementor-widget-container\">\n\t\t\t\t\t\n\t\t<div class=\"uael-module-content uael-heading-wrapper\">\n\t\t\t\t\t\t\n\t\t\t<h1 class=\"uael-heading\">\n\t\t\t\t\t\t\t\t\t\t<span class=\"uael-heading-text elementor-inline-editing uael-size--default\" data-elementor-setting-key=\"heading_title\" data-elementor-inline-editing-toolbar=\"basic\">Hotelaufenthalt<\/span>\n\t\t\t\t\t\t\t<\/h1>\n\n\t\t\t\n\t\t\t\t\t\t<div class=\"uael-module-content uael-separator-parent\">\n\t\t\t\t\t\t\t\t\t\t\t\t\t<div class=\"uael-separator\"><\/div>\n\t\t\t\t\t\t\t<\/div>\n\t\t\t\n\t\t\t\n\t\t\t\t\t\t<\/div>\n\t\t\t\t\t\t<\/div>\n\t\t\t\t<\/div>\n\t\t\t\t<div class=\"elementor-element elementor-element-e78cede animated-slow elementor-invisible elementor-widget elementor-widget-text-editor\" data-id=\"e78cede\" data-element_type=\"widget\" data-e-type=\"widget\" data-settings=\"{&quot;_animation&quot;:&quot;fadeIn&quot;,&quot;_animation_delay&quot;:800}\" data-widget_type=\"text-editor.default\">\n\t\t\t\t\t\t<div class=\"elementor-widget-container\">\n\t\t\t\t\t\t\t\t\t<p>Genie\u00dfen Sie 2 oder mehr Tage Wellness mit einem Hotelaufenthalt im Wellnesshotel Spabron! Vom Ankunfts- bis zum Abreisetag k\u00f6nnen Sie den ganzen Tag \u00fcber alle Einrichtungen nutzen.  <\/p>\n\t\t\t\t\t\t\t\t<\/div>\n\t\t\t\t<\/div>\n\t\t\t\t\t<\/div>\n\t\t<\/div>\n\t\t\t\t\t<\/div>\n\t\t<\/section>\n\t\t\t\t<section class=\"elementor-section elementor-top-section elementor-element elementor-element-1ea1977 elementor-section-full_width elementor-section-height-default elementor-section-height-default\" data-id=\"1ea1977\" data-element_type=\"section\" data-e-type=\"section\">\n\t\t\t\t\t\t<div class=\"elementor-container elementor-column-gap-default\">\n\t\t\t\t\t<div class=\"elementor-column elementor-col-100 elementor-top-column elementor-element elementor-element-45146c0\" data-id=\"45146c0\" data-element_type=\"column\" data-e-type=\"column\">\n\t\t\t<div class=\"elementor-widget-wrap elementor-element-populated\">\n\t\t\t\t\t\t<div class=\"elementor-element elementor-element-6a02e37 elementor-view-default elementor-invisible elementor-widget elementor-widget-icon\" data-id=\"6a02e37\" data-element_type=\"widget\" data-e-type=\"widget\" data-settings=\"{&quot;sticky&quot;:&quot;bottom&quot;,&quot;sticky_parent&quot;:&quot;yes&quot;,&quot;_animation&quot;:&quot;fadeInUp&quot;,&quot;sticky_on&quot;:[&quot;desktop&quot;,&quot;laptop&quot;,&quot;tablet&quot;,&quot;mobile&quot;],&quot;sticky_offset&quot;:0,&quot;sticky_effects_offset&quot;:0,&quot;sticky_anchor_link_offset&quot;:0}\" data-widget_type=\"icon.default\">\n\t\t\t\t\t\t<div class=\"elementor-widget-container\">\n\t\t\t\t\t\t\t<div class=\"elementor-icon-wrapper\">\n\t\t\t<a class=\"elementor-icon elementor-animation-grow\" href=\"#Seitenabschnitt\">\n\t\t\t<i aria-hidden=\"true\" class=\"fas fa-angle-down\"><\/i>\t\t\t<\/a>\n\t\t<\/div>\n\t\t\t\t\t\t<\/div>\n\t\t\t\t<\/div>\n\t\t\t\t<div class=\"elementor-element elementor-element-0cca51c elementor-widget elementor-widget-menu-anchor\" data-id=\"0cca51c\" data-element_type=\"widget\" data-e-type=\"widget\" data-widget_type=\"menu-anchor.default\">\n\t\t\t\t\t\t<div class=\"elementor-widget-container\">\n\t\t\t\t\t\t\t<div class=\"elementor-menu-anchor\" id=\"Seitenabschnitt\"><\/div>\n\t\t\t\t\t\t<\/div>\n\t\t\t\t<\/div>\n\t\t\t\t\t<\/div>\n\t\t<\/div>\n\t\t\t\t\t<\/div>\n\t\t<\/section>\n\t\t\t\t<section class=\"elementor-section elementor-top-section elementor-element elementor-element-d39406a elementor-section-boxed elementor-section-height-default elementor-section-height-default\" data-id=\"d39406a\" data-element_type=\"section\" data-e-type=\"section\">\n\t\t\t\t\t\t<div class=\"elementor-container elementor-column-gap-default\">\n\t\t\t\t\t<div class=\"elementor-column elementor-col-100 elementor-top-column elementor-element elementor-element-40b0b3c\" data-id=\"40b0b3c\" data-element_type=\"column\" data-e-type=\"column\">\n\t\t\t<div class=\"elementor-widget-wrap elementor-element-populated\">\n\t\t\t\t\t\t<div class=\"elementor-element elementor-element-4581e98 elementor-widget elementor-widget-text-editor\" data-id=\"4581e98\" data-element_type=\"widget\" data-e-type=\"widget\" data-widget_type=\"text-editor.default\">\n\t\t\t\t\t\t<div class=\"elementor-widget-container\">\n\t\t\t\t\t\t\t\t\t<div class=\"RoomRaccoon-BookingEngine\"><p>Buchen Sie Ihre \u00dcbernachtung \u00fcber unsere Website? Dann ist das immer vorteilhafter.<\/p><p>Wann w\u00fcrden Sie gerne im Wellnesshotel Spabron \u00fcbernachten?<\/p><\/div><div> <\/div><div> <\/div><div class=\"RoomRaccoon-BookingEngine\"><p>Von:  <input id=\"startDate-nl\" name=\"dateStart\" type=\"date\" value=\"\"><\/p><p>An: <input id=\"endDate-nl\" name=\"dateEnd\" type=\"date\" value=\"\"><script>\n\t\tvar date = new Date();\n\t\tvar formatFixMonth, formatFixDay;\n\t\tif( date.getMonth() <9 ){ formatFixMonth = 0; }else{ formatFixMonth = \"\"; } if( date.getDate() <9 ){ formatFixDay = 0; }else{ formatFixDay = \"\"; } var today = date.getFullYear() + \"-\" + formatFixMonth + (date.getMonth()+1) + \"-\" + formatFixDay + date.getDate(); date.setDate(date.getDate()+1); if( date.getMonth() <9 ){ formatFixMonth = 0; }else{ formatFixMonth = \"\"; } if( date.getDate() <9 ){ formatFixDay = 0; }else{ formatFixDay = \"\"; } var tomorrow = date.getFullYear() + \"-\" + formatFixMonth + (date.getMonth()+1) + \"-\" + formatFixDay + date.getDate(); document.getElementById(\"startDate-nl\").value = today; document.getElementById(\"endDate-nl\").value = tomorrow; <\/script><br><a class=\"RoomRaccoonButton2 RoomRaccoonButton2-nl\" style=\"position: relative; display: inline-block; font-size: 15px; line-height: 30px; padding: 0px 8px; border: none; border-radius: 5px; background: #258175; color: #fff; margin-left: 8px; text-decoration: none;\">Verf\u00fcgbarkeit pr\u00fcfen<\/a><\/p><\/div>\t\t\t\t\t\t\t\t<\/div>\n\t\t\t\t<\/div>\n\t\t\t\t\t<\/div>\n\t\t<\/div>\n\t\t\t\t\t<\/div>\n\t\t<\/section>\n\t\t\t\t<\/div>\n\t\t","protected":false},"excerpt":{"rendered":"<p>Hotelaufenthalt Genie\u00dfen Sie 2 oder mehr Tage Wellness mit einem Hotelaufenthalt im Wellnesshotel Spabron! Vom Ankunfts- bis zum Abreisetag k\u00f6nnen Sie den ganzen Tag \u00fcber alle Einrichtungen nutzen. Buchen Sie Ihre \u00dcbernachtung \u00fcber unsere Website? Dann ist das immer vorteilhafter. Wann w\u00fcrden Sie gerne im Wellnesshotel Spabron \u00fcbernachten? Von: An: Verf\u00fcgbarkeit pr\u00fcfen<\/p>\n","protected":false},"author":2,"featured_media":0,"parent":4553,"menu_order":0,"comment_status":"closed","ping_status":"closed","template":"elementor_header_footer","meta":{"footnotes":""},"class_list":["post-4616","page","type-page","status-publish","hentry"],"_links":{"self":[{"href":"https:\/\/spabron.nl\/de\/wp-json\/wp\/v2\/pages\/4616","targetHints":{"allow":["GET"]}}],"collection":[{"href":"https:\/\/spabron.nl\/de\/wp-json\/wp\/v2\/pages"}],"about":[{"href":"https:\/\/spabron.nl\/de\/wp-json\/wp\/v2\/types\/page"}],"author":[{"embeddable":true,"href":"https:\/\/spabron.nl\/de\/wp-json\/wp\/v2\/users\/2"}],"replies":[{"embeddable":true,"href":"https:\/\/spabron.nl\/de\/wp-json\/wp\/v2\/comments?post=4616"}],"version-history":[{"count":0,"href":"https:\/\/spabron.nl\/de\/wp-json\/wp\/v2\/pages\/4616\/revisions"}],"up":[{"embeddable":true,"href":"https:\/\/spabron.nl\/de\/wp-json\/wp\/v2\/pages\/4553"}],"wp:attachment":[{"href":"https:\/\/spabron.nl\/de\/wp-json\/wp\/v2\/media?parent=4616"}],"curies":[{"name":"wp","href":"https:\/\/api.w.org\/{rel}","templated":true}]}}