{"id":4667,"date":"2023-01-24T15:27:38","date_gmt":"2023-01-24T14:27:38","guid":{"rendered":"http:\/\/spabron.nl\/blog\/"},"modified":"2023-01-26T09:46:39","modified_gmt":"2023-01-26T08:46:39","slug":"blog","status":"publish","type":"page","link":"https:\/\/spabron.nl\/de\/blog\/","title":{"rendered":"Blog"},"content":{"rendered":"\t\t<div data-elementor-type=\"wp-page\" data-elementor-id=\"4667\" class=\"elementor elementor-4667 elementor-3304\" data-elementor-post-type=\"page\">\n\t\t\t\t\t\t<section class=\"elementor-section elementor-top-section elementor-element elementor-element-2285674 elementor-section-height-min-height elementor-section-full_width elementor-section-height-default elementor-section-items-middle\" data-id=\"2285674\" data-element_type=\"section\" data-e-type=\"section\" data-settings=\"{&quot;background_background&quot;:&quot;slideshow&quot;,&quot;background_slideshow_gallery&quot;:[{&quot;id&quot;:2113,&quot;url&quot;:&quot;http:\\\/\\\/spabron.nl\\\/wp-content\\\/uploads\\\/2023\\\/01\\\/Oog-Spabron-2000px.jpg&quot;},{&quot;id&quot;:2119,&quot;url&quot;:&quot;http:\\\/\\\/spabron.nl\\\/wp-content\\\/uploads\\\/2023\\\/01\\\/Massage-duo-vrouwen-Spabron-2000px.jpg&quot;},{&quot;id&quot;:2094,&quot;url&quot;:&quot;http:\\\/\\\/spabron.nl\\\/wp-content\\\/uploads\\\/2023\\\/01\\\/Gezichtsbehandeling-Spabron-2000px-2.jpg&quot;},{&quot;id&quot;:709,&quot;url&quot;:&quot;http:\\\/\\\/spabron.nl\\\/wp-content\\\/uploads\\\/2023\\\/01\\\/Zwembad3-1.jpg&quot;},{&quot;id&quot;:1576,&quot;url&quot;:&quot;http:\\\/\\\/spabron.nl\\\/wp-content\\\/uploads\\\/2023\\\/01\\\/Drenthe-2-Spabron-2000px.jpg&quot;}],&quot;motion_fx_motion_fx_scrolling&quot;:&quot;yes&quot;,&quot;background_slideshow_slide_duration&quot;:10000,&quot;background_slideshow_transition_duration&quot;:1000,&quot;background_slideshow_loop&quot;:&quot;yes&quot;,&quot;background_slideshow_slide_transition&quot;:&quot;fade&quot;,&quot;motion_fx_devices&quot;:[&quot;desktop&quot;,&quot;laptop&quot;,&quot;tablet&quot;,&quot;mobile&quot;]}\">\n\t\t\t\t\t\t\t<div class=\"elementor-background-overlay\"><\/div>\n\t\t\t\t\t\t\t<div class=\"elementor-container elementor-column-gap-default\">\n\t\t\t\t\t<div class=\"elementor-column elementor-col-100 elementor-top-column elementor-element elementor-element-932fc8e animated-slow elementor-invisible\" data-id=\"932fc8e\" data-element_type=\"column\" data-e-type=\"column\" data-settings=\"{&quot;animation&quot;:&quot;fadeIn&quot;,&quot;animation_delay&quot;:0}\">\n\t\t\t<div class=\"elementor-widget-wrap elementor-element-populated\">\n\t\t\t\t\t\t<div class=\"elementor-element elementor-element-cbcd06f uael-heading-align-center animated-slow elementor-invisible elementor-widget elementor-widget-uael-advanced-heading\" data-id=\"cbcd06f\" data-element_type=\"widget\" data-e-type=\"widget\" data-settings=\"{&quot;_animation&quot;:&quot;slideInDown&quot;}\" data-widget_type=\"uael-advanced-heading.default\">\n\t\t\t\t\t\t<div class=\"elementor-widget-container\">\n\t\t\t\t\t\n\t\t<div class=\"uael-module-content uael-heading-wrapper\">\n\t\t\t\t\t\t\n\t\t\t<h1 class=\"uael-heading\">\n\t\t\t\t\t\t\t\t\t\t<span class=\"uael-heading-text elementor-inline-editing uael-size--default\" data-elementor-setting-key=\"heading_title\" data-elementor-inline-editing-toolbar=\"basic\">Blog<\/span>\n\t\t\t\t\t\t\t<\/h1>\n\n\t\t\t\n\t\t\t\t\t\t<div class=\"uael-module-content uael-separator-parent\">\n\t\t\t\t\t\t\t\t\t\t\t\t\t<div class=\"uael-separator\"><\/div>\n\t\t\t\t\t\t\t<\/div>\n\t\t\t\n\t\t\t\n\t\t\t\t\t\t<\/div>\n\t\t\t\t\t\t<\/div>\n\t\t\t\t<\/div>\n\t\t\t\t<div class=\"elementor-element elementor-element-c287d77 animated-slow elementor-invisible elementor-widget elementor-widget-text-editor\" data-id=\"c287d77\" data-element_type=\"widget\" data-e-type=\"widget\" data-settings=\"{&quot;_animation&quot;:&quot;fadeIn&quot;,&quot;_animation_delay&quot;:800}\" data-widget_type=\"text-editor.default\">\n\t\t\t\t\t\t<div class=\"elementor-widget-container\">\n\t\t\t\t\t\t\t\t\t<p>Artikel \u00fcber Lifestyle, Wellness und Spabron.  <\/p>\n\t\t\t\t\t\t\t\t<\/div>\n\t\t\t\t<\/div>\n\t\t\t\t\t<\/div>\n\t\t<\/div>\n\t\t\t\t\t<\/div>\n\t\t<\/section>\n\t\t\t\t<section class=\"elementor-section elementor-top-section elementor-element elementor-element-ed6a2b8 elementor-section-full_width elementor-reverse-tablet elementor-reverse-mobile elementor-section-height-default elementor-section-height-default\" data-id=\"ed6a2b8\" data-element_type=\"section\" data-e-type=\"section\">\n\t\t\t\t\t\t<div class=\"elementor-container elementor-column-gap-default\">\n\t\t\t\t\t<div class=\"elementor-column elementor-col-100 elementor-top-column elementor-element elementor-element-b31fae4\" data-id=\"b31fae4\" data-element_type=\"column\" data-e-type=\"column\">\n\t\t\t<div class=\"elementor-widget-wrap elementor-element-populated\">\n\t\t\t\t\t\t<div class=\"elementor-element elementor-element-025f151 elementor-view-default elementor-invisible elementor-widget elementor-widget-icon\" data-id=\"025f151\" data-element_type=\"widget\" data-e-type=\"widget\" data-settings=\"{&quot;sticky&quot;:&quot;bottom&quot;,&quot;sticky_parent&quot;:&quot;yes&quot;,&quot;_animation&quot;:&quot;fadeInUp&quot;,&quot;sticky_on&quot;:[&quot;desktop&quot;,&quot;laptop&quot;,&quot;tablet&quot;,&quot;mobile&quot;],&quot;sticky_offset&quot;:0,&quot;sticky_effects_offset&quot;:0,&quot;sticky_anchor_link_offset&quot;:0}\" data-widget_type=\"icon.default\">\n\t\t\t\t\t\t<div class=\"elementor-widget-container\">\n\t\t\t\t\t\t\t<div class=\"elementor-icon-wrapper\">\n\t\t\t<a class=\"elementor-icon elementor-animation-grow\" href=\"#Seitenabschnitt\">\n\t\t\t<i aria-hidden=\"true\" class=\"fas fa-angle-down\"><\/i>\t\t\t<\/a>\n\t\t<\/div>\n\t\t\t\t\t\t<\/div>\n\t\t\t\t<\/div>\n\t\t\t\t<div class=\"elementor-element elementor-element-69ad3ac elementor-widget elementor-widget-menu-anchor\" data-id=\"69ad3ac\" data-element_type=\"widget\" data-e-type=\"widget\" data-widget_type=\"menu-anchor.default\">\n\t\t\t\t\t\t<div class=\"elementor-widget-container\">\n\t\t\t\t\t\t\t<div class=\"elementor-menu-anchor\" id=\"Seitenabschnitt\"><\/div>\n\t\t\t\t\t\t<\/div>\n\t\t\t\t<\/div>\n\t\t\t\t\t<\/div>\n\t\t<\/div>\n\t\t\t\t\t<\/div>\n\t\t<\/section>\n\t\t\t\t<section class=\"elementor-section elementor-top-section elementor-element elementor-element-95c4023 elementor-section-boxed elementor-section-height-default elementor-section-height-default\" data-id=\"95c4023\" data-element_type=\"section\" data-e-type=\"section\">\n\t\t\t\t\t\t<div class=\"elementor-container elementor-column-gap-default\">\n\t\t\t\t\t<div class=\"elementor-column elementor-col-100 elementor-top-column elementor-element elementor-element-5267e6d\" data-id=\"5267e6d\" data-element_type=\"column\" data-e-type=\"column\">\n\t\t\t<div class=\"elementor-widget-wrap elementor-element-populated\">\n\t\t\t\t\t\t<div class=\"elementor-element elementor-element-d63e1d9 elementor-grid-3 elementor-grid-tablet-2 elementor-grid-mobile-1 elementor-posts--thumbnail-top elementor-posts--show-avatar elementor-card-shadow-yes elementor-posts__hover-gradient elementor-widget elementor-widget-posts\" data-id=\"d63e1d9\" data-element_type=\"widget\" data-e-type=\"widget\" data-settings=\"{&quot;pagination_type&quot;:&quot;numbers&quot;,&quot;cards_columns&quot;:&quot;3&quot;,&quot;cards_columns_tablet&quot;:&quot;2&quot;,&quot;cards_columns_mobile&quot;:&quot;1&quot;,&quot;cards_row_gap&quot;:{&quot;unit&quot;:&quot;px&quot;,&quot;size&quot;:35,&quot;sizes&quot;:[]},&quot;cards_row_gap_laptop&quot;:{&quot;unit&quot;:&quot;px&quot;,&quot;size&quot;:&quot;&quot;,&quot;sizes&quot;:[]},&quot;cards_row_gap_tablet&quot;:{&quot;unit&quot;:&quot;px&quot;,&quot;size&quot;:&quot;&quot;,&quot;sizes&quot;:[]},&quot;cards_row_gap_mobile&quot;:{&quot;unit&quot;:&quot;px&quot;,&quot;size&quot;:&quot;&quot;,&quot;sizes&quot;:[]}}\" data-widget_type=\"posts.cards\">\n\t\t\t\t\t\t<div class=\"elementor-widget-container\">\n\t\t\t\t\t\t\t<div class=\"elementor-posts-container elementor-posts elementor-posts--skin-cards elementor-grid\">\n\t\t\t\t<article class=\"elementor-post elementor-grid-item post-4849 post type-post status-publish format-standard has-post-thumbnail hentry category-infos\">\n\t\t\t<div class=\"elementor-post__card\">\n\t\t\t\t<a class=\"elementor-post__thumbnail__link\" href=\"https:\/\/spabron.nl\/de\/rausch-das-ultimative-sauna-ritual\/\" tabindex=\"-1\" ><div class=\"elementor-post__thumbnail\"><img decoding=\"async\" width=\"300\" height=\"129\" src=\"https:\/\/spabron.nl\/wp-content\/uploads\/2023\/01\/Opgietsauna2-Spabron-2000px-300x129.jpg\" class=\"attachment-medium size-medium wp-image-4251\" alt=\"\" srcset=\"https:\/\/spabron.nl\/wp-content\/uploads\/2023\/01\/Opgietsauna2-Spabron-2000px-300x129.jpg 300w, https:\/\/spabron.nl\/wp-content\/uploads\/2023\/01\/Opgietsauna2-Spabron-2000px-1024x440.jpg 1024w, https:\/\/spabron.nl\/wp-content\/uploads\/2023\/01\/Opgietsauna2-Spabron-2000px-768x330.jpg 768w, https:\/\/spabron.nl\/wp-content\/uploads\/2023\/01\/Opgietsauna2-Spabron-2000px.jpg 1500w\" sizes=\"(max-width: 300px) 100vw, 300px\" \/><\/div><\/a>\n\t\t\t\t<div class=\"elementor-post__badge\">Infos<\/div>\n\t\t\t\t<div class=\"elementor-post__avatar\">\n\t\t\t\t\t<\/div>\n\t\t\t\t<div class=\"elementor-post__text\">\n\t\t\t\t<h3 class=\"elementor-post__title\">\n\t\t\t<a href=\"https:\/\/spabron.nl\/de\/rausch-das-ultimative-sauna-ritual\/\" >\n\t\t\t\tRausch: das ultimative Sauna-Ritual\t\t\t<\/a>\n\t\t<\/h3>\n\t\t\t\t<div class=\"elementor-post__excerpt\">\n\t\t\t<p>Der Aufguss, L\u00f6yly, Himmelfahrt&#8230; Sie alle sind Titel f\u00fcr das Saunaritual, das f\u00fcr viele Saunafans auch das i-T\u00fcpfelchen des gesamten Saunabesuchs ist! Das Wort &#8222;aufsch\u00fctten&#8220;<\/p>\n\t\t<\/div>\n\t\t\t\t\t<div class=\"elementor-post__read-more-wrapper\">\n\t\t\n\t\t<a class=\"elementor-post__read-more\" href=\"https:\/\/spabron.nl\/de\/rausch-das-ultimative-sauna-ritual\/\" aria-label=\"Mehr \u00fcber Rausch: das ultimative Sauna-Ritual\" tabindex=\"-1\" >\n\t\t\tMehr lesen \"\t\t<\/a>\n\n\t\t\t\t\t<\/div>\n\t\t\t\t<\/div>\n\t\t\t\t\t<\/div>\n\t\t<\/article>\n\t\t\t\t<article class=\"elementor-post elementor-grid-item post-4843 post type-post status-publish format-standard has-post-thumbnail hentry category-infos\">\n\t\t\t<div class=\"elementor-post__card\">\n\t\t\t\t<a class=\"elementor-post__thumbnail__link\" href=\"https:\/\/spabron.nl\/de\/befreien-sie-sich-vom-stress-mit-einem-tag-in-der-sauna\/\" tabindex=\"-1\" ><div class=\"elementor-post__thumbnail\"><img decoding=\"async\" width=\"300\" height=\"146\" src=\"https:\/\/spabron.nl\/wp-content\/uploads\/2023\/01\/Sauna-70-4-Spabron-2000px-300x146.jpg\" class=\"attachment-medium size-medium wp-image-4483\" alt=\"\" srcset=\"https:\/\/spabron.nl\/wp-content\/uploads\/2023\/01\/Sauna-70-4-Spabron-2000px-300x146.jpg 300w, https:\/\/spabron.nl\/wp-content\/uploads\/2023\/01\/Sauna-70-4-Spabron-2000px-1024x500.jpg 1024w, https:\/\/spabron.nl\/wp-content\/uploads\/2023\/01\/Sauna-70-4-Spabron-2000px-768x375.jpg 768w, https:\/\/spabron.nl\/wp-content\/uploads\/2023\/01\/Sauna-70-4-Spabron-2000px-1536x750.jpg 1536w, https:\/\/spabron.nl\/wp-content\/uploads\/2023\/01\/Sauna-70-4-Spabron-2000px.jpg 2000w\" sizes=\"(max-width: 300px) 100vw, 300px\" \/><\/div><\/a>\n\t\t\t\t<div class=\"elementor-post__badge\">Infos<\/div>\n\t\t\t\t<div class=\"elementor-post__avatar\">\n\t\t\t\t\t<\/div>\n\t\t\t\t<div class=\"elementor-post__text\">\n\t\t\t\t<h3 class=\"elementor-post__title\">\n\t\t\t<a href=\"https:\/\/spabron.nl\/de\/befreien-sie-sich-vom-stress-mit-einem-tag-in-der-sauna\/\" >\n\t\t\t\tBefreien Sie sich vom Stress mit einem Tag in der Sauna!\t\t\t<\/a>\n\t\t<\/h3>\n\t\t\t\t<div class=\"elementor-post__excerpt\">\n\t\t\t<p>Das moderne, hektische Leben hat einen gro\u00dfen Einfluss auf unser Stressniveau. Und wir alle wissen, dass Stress schlecht f\u00fcr uns ist. Aber warum machen wir<\/p>\n\t\t<\/div>\n\t\t\t\t\t<div class=\"elementor-post__read-more-wrapper\">\n\t\t\n\t\t<a class=\"elementor-post__read-more\" href=\"https:\/\/spabron.nl\/de\/befreien-sie-sich-vom-stress-mit-einem-tag-in-der-sauna\/\" aria-label=\"Mehr \u00fcber Befreien Sie sich vom Stress mit einem Tag in der Sauna!\" tabindex=\"-1\" >\n\t\t\tMehr lesen \"\t\t<\/a>\n\n\t\t\t\t\t<\/div>\n\t\t\t\t<\/div>\n\t\t\t\t\t<\/div>\n\t\t<\/article>\n\t\t\t\t<article class=\"elementor-post elementor-grid-item post-4840 post type-post status-publish format-standard has-post-thumbnail hentry category-infos\">\n\t\t\t<div class=\"elementor-post__card\">\n\t\t\t\t<a class=\"elementor-post__thumbnail__link\" href=\"https:\/\/spabron.nl\/de\/die-kraft-der-ayurvedischen-massage\/\" tabindex=\"-1\" ><div class=\"elementor-post__thumbnail\"><img fetchpriority=\"high\" decoding=\"async\" width=\"300\" height=\"200\" src=\"https:\/\/spabron.nl\/wp-content\/uploads\/2023\/01\/Ayurveda-Spabron-2000px-300x200.jpg\" class=\"attachment-medium size-medium wp-image-4161\" alt=\"\" srcset=\"https:\/\/spabron.nl\/wp-content\/uploads\/2023\/01\/Ayurveda-Spabron-2000px-300x200.jpg 300w, https:\/\/spabron.nl\/wp-content\/uploads\/2023\/01\/Ayurveda-Spabron-2000px-768x512.jpg 768w, https:\/\/spabron.nl\/wp-content\/uploads\/2023\/01\/Ayurveda-Spabron-2000px.jpg 1024w\" sizes=\"(max-width: 300px) 100vw, 300px\" \/><\/div><\/a>\n\t\t\t\t<div class=\"elementor-post__badge\">Infos<\/div>\n\t\t\t\t<div class=\"elementor-post__avatar\">\n\t\t\t\t\t<\/div>\n\t\t\t\t<div class=\"elementor-post__text\">\n\t\t\t\t<h3 class=\"elementor-post__title\">\n\t\t\t<a href=\"https:\/\/spabron.nl\/de\/die-kraft-der-ayurvedischen-massage\/\" >\n\t\t\t\tDie Kraft der ayurvedischen Massage\t\t\t<\/a>\n\t\t<\/h3>\n\t\t\t\t<div class=\"elementor-post__excerpt\">\n\t\t\t<p>Die ayur-was? Richtig, die Ayurveda-Massage! Eine herrlich entspannende Ganzk\u00f6rpermassage von 60 Minuten Dauer. In diesem Blog erz\u00e4hlen wir Ihnen alles \u00fcber diese Massage! Ayurveda-Massage bringt<\/p>\n\t\t<\/div>\n\t\t\t\t\t<div class=\"elementor-post__read-more-wrapper\">\n\t\t\n\t\t<a class=\"elementor-post__read-more\" href=\"https:\/\/spabron.nl\/de\/die-kraft-der-ayurvedischen-massage\/\" aria-label=\"Mehr \u00fcber Die Kraft der ayurvedischen Massage\" tabindex=\"-1\" >\n\t\t\tMehr lesen \"\t\t<\/a>\n\n\t\t\t\t\t<\/div>\n\t\t\t\t<\/div>\n\t\t\t\t\t<\/div>\n\t\t<\/article>\n\t\t\t\t<article class=\"elementor-post elementor-grid-item post-4832 post type-post status-publish format-standard has-post-thumbnail hentry category-infos\">\n\t\t\t<div class=\"elementor-post__card\">\n\t\t\t\t<a class=\"elementor-post__thumbnail__link\" href=\"https:\/\/spabron.nl\/de\/das-sauna-ritual\/\" tabindex=\"-1\" ><div class=\"elementor-post__thumbnail\"><img loading=\"lazy\" decoding=\"async\" width=\"300\" height=\"200\" src=\"https:\/\/spabron.nl\/wp-content\/uploads\/2023\/01\/Sauna-Spabron-IPL-300x200.jpg\" class=\"attachment-medium size-medium wp-image-4445\" alt=\"\" srcset=\"https:\/\/spabron.nl\/wp-content\/uploads\/2023\/01\/Sauna-Spabron-IPL-300x200.jpg 300w, https:\/\/spabron.nl\/wp-content\/uploads\/2023\/01\/Sauna-Spabron-IPL-768x512.jpg 768w, https:\/\/spabron.nl\/wp-content\/uploads\/2023\/01\/Sauna-Spabron-IPL.jpg 1024w\" sizes=\"(max-width: 300px) 100vw, 300px\" \/><\/div><\/a>\n\t\t\t\t<div class=\"elementor-post__badge\">Infos<\/div>\n\t\t\t\t<div class=\"elementor-post__avatar\">\n\t\t\t\t\t<\/div>\n\t\t\t\t<div class=\"elementor-post__text\">\n\t\t\t\t<h3 class=\"elementor-post__title\">\n\t\t\t<a href=\"https:\/\/spabron.nl\/de\/das-sauna-ritual\/\" >\n\t\t\t\tDas Sauna-Ritual\t\t\t<\/a>\n\t\t<\/h3>\n\t\t\t\t<div class=\"elementor-post__excerpt\">\n\t\t\t<p>Das Saunaritual oder der Saunagang ist die Art und Weise, wie die Sauna und die Saunaanlagen genutzt werden. Es gibt nicht unbedingt eine richtige Reihenfolge<\/p>\n\t\t<\/div>\n\t\t\t\t\t<div class=\"elementor-post__read-more-wrapper\">\n\t\t\n\t\t<a class=\"elementor-post__read-more\" href=\"https:\/\/spabron.nl\/de\/das-sauna-ritual\/\" aria-label=\"Mehr \u00fcber Das Sauna-Ritual\" tabindex=\"-1\" >\n\t\t\tMehr lesen \"\t\t<\/a>\n\n\t\t\t\t\t<\/div>\n\t\t\t\t<\/div>\n\t\t\t\t\t<\/div>\n\t\t<\/article>\n\t\t\t\t<article class=\"elementor-post elementor-grid-item post-4725 post type-post status-publish format-standard has-post-thumbnail hentry category-infos\">\n\t\t\t<div class=\"elementor-post__card\">\n\t\t\t\t<a class=\"elementor-post__thumbnail__link\" href=\"https:\/\/spabron.nl\/de\/das-wellnesshotel-spabron\/\" tabindex=\"-1\" ><div class=\"elementor-post__thumbnail\"><img loading=\"lazy\" decoding=\"async\" width=\"300\" height=\"225\" src=\"https:\/\/spabron.nl\/wp-content\/uploads\/2023\/01\/Hotel_-Spabron22-Spabron-2000px-300x225.jpg\" class=\"attachment-medium size-medium wp-image-4375\" alt=\"\" srcset=\"https:\/\/spabron.nl\/wp-content\/uploads\/2023\/01\/Hotel_-Spabron22-Spabron-2000px-300x225.jpg 300w, https:\/\/spabron.nl\/wp-content\/uploads\/2023\/01\/Hotel_-Spabron22-Spabron-2000px-1024x768.jpg 1024w, https:\/\/spabron.nl\/wp-content\/uploads\/2023\/01\/Hotel_-Spabron22-Spabron-2000px-768x576.jpg 768w, https:\/\/spabron.nl\/wp-content\/uploads\/2023\/01\/Hotel_-Spabron22-Spabron-2000px.jpg 1500w\" sizes=\"(max-width: 300px) 100vw, 300px\" \/><\/div><\/a>\n\t\t\t\t<div class=\"elementor-post__badge\">Infos<\/div>\n\t\t\t\t<div class=\"elementor-post__avatar\">\n\t\t\t\t\t<\/div>\n\t\t\t\t<div class=\"elementor-post__text\">\n\t\t\t\t<h3 class=\"elementor-post__title\">\n\t\t\t<a href=\"https:\/\/spabron.nl\/de\/das-wellnesshotel-spabron\/\" >\n\t\t\t\tDas Wellnesshotel Spabron\t\t\t<\/a>\n\t\t<\/h3>\n\t\t\t\t<div class=\"elementor-post__excerpt\">\n\t\t\t<p>Das Wellnesshotel von Spabron &#8211; Jetzt mit extra feinen Hotelzimmern \ud83c\udf40 Im Bademantel vom Spa zu Ihrem Hotelzimmer laufen? Das k\u00f6nnen Sie im Wellnesshotel Spabron!<\/p>\n\t\t<\/div>\n\t\t\t\t\t<div class=\"elementor-post__read-more-wrapper\">\n\t\t\n\t\t<a class=\"elementor-post__read-more\" href=\"https:\/\/spabron.nl\/de\/das-wellnesshotel-spabron\/\" aria-label=\"Mehr \u00fcber Das Wellnesshotel Spabron\" tabindex=\"-1\" >\n\t\t\tMehr lesen \"\t\t<\/a>\n\n\t\t\t\t\t<\/div>\n\t\t\t\t<\/div>\n\t\t\t\t\t<\/div>\n\t\t<\/article>\n\t\t\t\t<article class=\"elementor-post elementor-grid-item post-4752 post type-post status-publish format-standard has-post-thumbnail hentry category-infos\">\n\t\t\t<div class=\"elementor-post__card\">\n\t\t\t\t<a class=\"elementor-post__thumbnail__link\" href=\"https:\/\/spabron.nl\/de\/warum-keine-badebekleidung-in-der-sauna\/\" tabindex=\"-1\" ><div class=\"elementor-post__thumbnail\"><img loading=\"lazy\" decoding=\"async\" width=\"300\" height=\"171\" src=\"https:\/\/spabron.nl\/wp-content\/uploads\/2023\/01\/Geen-Badkleding-in-sauna-spabron-950x540-1-300x171.jpg\" class=\"attachment-medium size-medium wp-image-4407\" alt=\"\" srcset=\"https:\/\/spabron.nl\/wp-content\/uploads\/2023\/01\/Geen-Badkleding-in-sauna-spabron-950x540-1-300x171.jpg 300w, https:\/\/spabron.nl\/wp-content\/uploads\/2023\/01\/Geen-Badkleding-in-sauna-spabron-950x540-1-768x437.jpg 768w, https:\/\/spabron.nl\/wp-content\/uploads\/2023\/01\/Geen-Badkleding-in-sauna-spabron-950x540-1.jpg 950w\" sizes=\"(max-width: 300px) 100vw, 300px\" \/><\/div><\/a>\n\t\t\t\t<div class=\"elementor-post__badge\">Infos<\/div>\n\t\t\t\t<div class=\"elementor-post__avatar\">\n\t\t\t\t\t<\/div>\n\t\t\t\t<div class=\"elementor-post__text\">\n\t\t\t\t<h3 class=\"elementor-post__title\">\n\t\t\t<a href=\"https:\/\/spabron.nl\/de\/warum-keine-badebekleidung-in-der-sauna\/\" >\n\t\t\t\tWarum keine Badebekleidung in der Sauna?\t\t\t<\/a>\n\t\t<\/h3>\n\t\t\t\t<div class=\"elementor-post__excerpt\">\n\t\t\t<p>Badeanz\u00fcge sind in Spabron nicht erlaubt. Wenn Sie in der Sauna Badekleidung tragen, kann Ihr K\u00f6rper nicht richtig abk\u00fchlen, der Schwei\u00df kann den K\u00f6rper nicht<\/p>\n\t\t<\/div>\n\t\t\t\t\t<div class=\"elementor-post__read-more-wrapper\">\n\t\t\n\t\t<a class=\"elementor-post__read-more\" href=\"https:\/\/spabron.nl\/de\/warum-keine-badebekleidung-in-der-sauna\/\" aria-label=\"Mehr \u00fcber Warum keine Badebekleidung in der Sauna?\" tabindex=\"-1\" >\n\t\t\tMehr lesen \"\t\t<\/a>\n\n\t\t\t\t\t<\/div>\n\t\t\t\t<\/div>\n\t\t\t\t\t<\/div>\n\t\t<\/article>\n\t\t\t\t<article class=\"elementor-post elementor-grid-item post-4741 post type-post status-publish format-standard has-post-thumbnail hentry category-infos\">\n\t\t\t<div class=\"elementor-post__card\">\n\t\t\t\t<a class=\"elementor-post__thumbnail__link\" href=\"https:\/\/spabron.nl\/de\/warum-sauna-gesund-ist-wissenschaftlich-fundiert\/\" tabindex=\"-1\" ><div class=\"elementor-post__thumbnail\"><img loading=\"lazy\" decoding=\"async\" width=\"300\" height=\"200\" src=\"https:\/\/spabron.nl\/wp-content\/uploads\/2023\/01\/Opgietsauna-Spabron-2000px-300x200.jpg\" class=\"attachment-medium size-medium wp-image-4151\" alt=\"\" srcset=\"https:\/\/spabron.nl\/wp-content\/uploads\/2023\/01\/Opgietsauna-Spabron-2000px-300x200.jpg 300w, https:\/\/spabron.nl\/wp-content\/uploads\/2023\/01\/Opgietsauna-Spabron-2000px-1024x684.jpg 1024w, https:\/\/spabron.nl\/wp-content\/uploads\/2023\/01\/Opgietsauna-Spabron-2000px-768x513.jpg 768w, https:\/\/spabron.nl\/wp-content\/uploads\/2023\/01\/Opgietsauna-Spabron-2000px-1536x1025.jpg 1536w, https:\/\/spabron.nl\/wp-content\/uploads\/2023\/01\/Opgietsauna-Spabron-2000px.jpg 2000w\" sizes=\"(max-width: 300px) 100vw, 300px\" \/><\/div><\/a>\n\t\t\t\t<div class=\"elementor-post__badge\">Infos<\/div>\n\t\t\t\t<div class=\"elementor-post__avatar\">\n\t\t\t\t\t<\/div>\n\t\t\t\t<div class=\"elementor-post__text\">\n\t\t\t\t<h3 class=\"elementor-post__title\">\n\t\t\t<a href=\"https:\/\/spabron.nl\/de\/warum-sauna-gesund-ist-wissenschaftlich-fundiert\/\" >\n\t\t\t\tWarum Sauna gesund ist (wissenschaftlich fundiert)\t\t\t<\/a>\n\t\t<\/h3>\n\t\t\t\t<div class=\"elementor-post__excerpt\">\n\t\t\t<p>Ein Saunabesuch ist herrlich entspannend und tr\u00e4gt nachweislich zur k\u00f6rperlichen und geistigen Gesundheit bei. Saunabesuche wirken entspannend, machen Sie widerstandsf\u00e4higer gegen Viren wie Grippe, helfen<\/p>\n\t\t<\/div>\n\t\t\t\t\t<div class=\"elementor-post__read-more-wrapper\">\n\t\t\n\t\t<a class=\"elementor-post__read-more\" href=\"https:\/\/spabron.nl\/de\/warum-sauna-gesund-ist-wissenschaftlich-fundiert\/\" aria-label=\"Mehr \u00fcber Warum Sauna gesund ist (wissenschaftlich fundiert)\" tabindex=\"-1\" >\n\t\t\tMehr lesen \"\t\t<\/a>\n\n\t\t\t\t\t<\/div>\n\t\t\t\t<\/div>\n\t\t\t\t\t<\/div>\n\t\t<\/article>\n\t\t\t\t<\/div>\n\t\t\n\t\t\t\t\t\t<\/div>\n\t\t\t\t<\/div>\n\t\t\t\t\t<\/div>\n\t\t<\/div>\n\t\t\t\t\t<\/div>\n\t\t<\/section>\n\t\t\t\t<\/div>\n\t\t","protected":false},"excerpt":{"rendered":"<p>Blog Artikel \u00fcber Lifestyle, Wellness und Spabron.<\/p>\n","protected":false},"author":2,"featured_media":4333,"parent":0,"menu_order":0,"comment_status":"closed","ping_status":"closed","template":"","meta":{"footnotes":""},"class_list":["post-4667","page","type-page","status-publish","has-post-thumbnail","hentry"],"_links":{"self":[{"href":"https:\/\/spabron.nl\/de\/wp-json\/wp\/v2\/pages\/4667","targetHints":{"allow":["GET"]}}],"collection":[{"href":"https:\/\/spabron.nl\/de\/wp-json\/wp\/v2\/pages"}],"about":[{"href":"https:\/\/spabron.nl\/de\/wp-json\/wp\/v2\/types\/page"}],"author":[{"embeddable":true,"href":"https:\/\/spabron.nl\/de\/wp-json\/wp\/v2\/users\/2"}],"replies":[{"embeddable":true,"href":"https:\/\/spabron.nl\/de\/wp-json\/wp\/v2\/comments?post=4667"}],"version-history":[{"count":0,"href":"https:\/\/spabron.nl\/de\/wp-json\/wp\/v2\/pages\/4667\/revisions"}],"wp:featuredmedia":[{"embeddable":true,"href":"https:\/\/spabron.nl\/de\/wp-json\/wp\/v2\/media\/4333"}],"wp:attachment":[{"href":"https:\/\/spabron.nl\/de\/wp-json\/wp\/v2\/media?parent=4667"}],"curies":[{"name":"wp","href":"https:\/\/api.w.org\/{rel}","templated":true}]}}