{"id":4670,"date":"2023-01-21T14:37:37","date_gmt":"2023-01-21T13:37:37","guid":{"rendered":"http:\/\/spabron.nl\/hotel\/"},"modified":"2023-01-26T09:46:42","modified_gmt":"2023-01-26T08:46:42","slug":"hotel","status":"publish","type":"page","link":"https:\/\/spabron.nl\/de\/hotel\/","title":{"rendered":"Hotel"},"content":{"rendered":"\t\t<div data-elementor-type=\"wp-page\" data-elementor-id=\"4670\" class=\"elementor elementor-4670 elementor-908\" data-elementor-post-type=\"page\">\n\t\t\t\t\t\t<section class=\"elementor-section elementor-top-section elementor-element elementor-element-643a7ff elementor-section-height-min-height elementor-section-full_width elementor-section-height-default elementor-section-items-middle\" data-id=\"643a7ff\" data-element_type=\"section\" data-e-type=\"section\" data-settings=\"{&quot;background_background&quot;:&quot;slideshow&quot;,&quot;background_slideshow_gallery&quot;:[{&quot;id&quot;:1501,&quot;url&quot;:&quot;http:\\\/\\\/spabron.nl\\\/wp-content\\\/uploads\\\/2023\\\/01\\\/Spabron-Wellness-Sauna-Beauty-Hotel-Oosterhesselen-Spabron-2000px-dark.jpg&quot;}],&quot;motion_fx_motion_fx_scrolling&quot;:&quot;yes&quot;,&quot;background_slideshow_loop&quot;:&quot;yes&quot;,&quot;background_slideshow_slide_duration&quot;:5000,&quot;background_slideshow_slide_transition&quot;:&quot;fade&quot;,&quot;background_slideshow_transition_duration&quot;:500,&quot;motion_fx_devices&quot;:[&quot;desktop&quot;,&quot;laptop&quot;,&quot;tablet&quot;,&quot;mobile&quot;]}\">\n\t\t\t\t\t\t\t<div class=\"elementor-background-overlay\"><\/div>\n\t\t\t\t\t\t\t<div class=\"elementor-container elementor-column-gap-default\">\n\t\t\t\t\t<div class=\"elementor-column elementor-col-100 elementor-top-column elementor-element elementor-element-e0d12c6 animated-slow elementor-invisible\" data-id=\"e0d12c6\" data-element_type=\"column\" data-e-type=\"column\" data-settings=\"{&quot;animation&quot;:&quot;fadeIn&quot;,&quot;animation_delay&quot;:0}\">\n\t\t\t<div class=\"elementor-widget-wrap elementor-element-populated\">\n\t\t\t\t\t\t<div class=\"elementor-element elementor-element-e5866b3 uael-heading-align-center animated-slow elementor-invisible elementor-widget elementor-widget-uael-advanced-heading\" data-id=\"e5866b3\" data-element_type=\"widget\" data-e-type=\"widget\" data-settings=\"{&quot;_animation&quot;:&quot;slideInDown&quot;}\" data-widget_type=\"uael-advanced-heading.default\">\n\t\t\t\t\t\t<div class=\"elementor-widget-container\">\n\t\t\t\t\t\n\t\t<div class=\"uael-module-content uael-heading-wrapper\">\n\t\t\t\t\t\t\n\t\t\t<h1 class=\"uael-heading\">\n\t\t\t\t\t\t\t\t\t\t<span class=\"uael-heading-text elementor-inline-editing uael-size--default\" data-elementor-setting-key=\"heading_title\" data-elementor-inline-editing-toolbar=\"basic\">Hotel<\/span>\n\t\t\t\t\t\t\t<\/h1>\n\n\t\t\t\n\t\t\t\t\t\t<div class=\"uael-module-content uael-separator-parent\">\n\t\t\t\t\t\t\t\t\t\t\t\t\t<div class=\"uael-separator\"><\/div>\n\t\t\t\t\t\t\t<\/div>\n\t\t\t\n\t\t\t\n\t\t\t\t\t\t<\/div>\n\t\t\t\t\t\t<\/div>\n\t\t\t\t<\/div>\n\t\t\t\t<div class=\"elementor-element elementor-element-22e6468 animated-slow elementor-invisible elementor-widget elementor-widget-text-editor\" data-id=\"22e6468\" data-element_type=\"widget\" data-e-type=\"widget\" data-settings=\"{&quot;_animation&quot;:&quot;fadeIn&quot;,&quot;_animation_delay&quot;:800}\" data-widget_type=\"text-editor.default\">\n\t\t\t\t\t\t<div class=\"elementor-widget-container\">\n\t\t\t\t\t\t\t\t\t<p>Sch\u00f6ne Hotelzimmer, ganzt\u00e4giger Zugang zu allen Wellness-Einrichtungen, k\u00f6stliches Essen und Entspannung in nat\u00fcrlicher Umgebung.<\/p>\n\t\t\t\t\t\t\t\t<\/div>\n\t\t\t\t<\/div>\n\t\t\t\t\t<\/div>\n\t\t<\/div>\n\t\t\t\t\t<\/div>\n\t\t<\/section>\n\t\t\t\t<section class=\"elementor-section elementor-top-section elementor-element elementor-element-b3f18c0 elementor-section-full_width elementor-reverse-tablet elementor-reverse-mobile elementor-section-height-default elementor-section-height-default\" data-id=\"b3f18c0\" data-element_type=\"section\" data-e-type=\"section\">\n\t\t\t\t\t\t<div class=\"elementor-container elementor-column-gap-default\">\n\t\t\t\t\t<div class=\"elementor-column elementor-col-100 elementor-top-column elementor-element elementor-element-cfd812d\" data-id=\"cfd812d\" data-element_type=\"column\" data-e-type=\"column\">\n\t\t\t<div class=\"elementor-widget-wrap elementor-element-populated\">\n\t\t\t\t\t\t<div class=\"elementor-element elementor-element-b247ab9 elementor-view-default elementor-invisible elementor-widget elementor-widget-icon\" data-id=\"b247ab9\" data-element_type=\"widget\" data-e-type=\"widget\" data-settings=\"{&quot;sticky&quot;:&quot;bottom&quot;,&quot;sticky_parent&quot;:&quot;yes&quot;,&quot;_animation&quot;:&quot;fadeInUp&quot;,&quot;sticky_on&quot;:[&quot;desktop&quot;,&quot;laptop&quot;,&quot;tablet&quot;,&quot;mobile&quot;],&quot;sticky_offset&quot;:0,&quot;sticky_effects_offset&quot;:0,&quot;sticky_anchor_link_offset&quot;:0}\" data-widget_type=\"icon.default\">\n\t\t\t\t\t\t<div class=\"elementor-widget-container\">\n\t\t\t\t\t\t\t<div class=\"elementor-icon-wrapper\">\n\t\t\t<a class=\"elementor-icon elementor-animation-grow\" href=\"#Seitenabschnitt\">\n\t\t\t<i aria-hidden=\"true\" class=\"fas fa-angle-down\"><\/i>\t\t\t<\/a>\n\t\t<\/div>\n\t\t\t\t\t\t<\/div>\n\t\t\t\t<\/div>\n\t\t\t\t<div class=\"elementor-element elementor-element-c84456b elementor-widget elementor-widget-menu-anchor\" data-id=\"c84456b\" data-element_type=\"widget\" data-e-type=\"widget\" data-widget_type=\"menu-anchor.default\">\n\t\t\t\t\t\t<div class=\"elementor-widget-container\">\n\t\t\t\t\t\t\t<div class=\"elementor-menu-anchor\" id=\"Seitenabschnitt\"><\/div>\n\t\t\t\t\t\t<\/div>\n\t\t\t\t<\/div>\n\t\t\t\t\t<\/div>\n\t\t<\/div>\n\t\t\t\t\t<\/div>\n\t\t<\/section>\n\t\t\t\t<section class=\"elementor-section elementor-top-section elementor-element elementor-element-91a2135 elementor-section-boxed elementor-section-height-default elementor-section-height-default\" data-id=\"91a2135\" data-element_type=\"section\" data-e-type=\"section\">\n\t\t\t\t\t\t<div class=\"elementor-container elementor-column-gap-default\">\n\t\t\t\t\t<div class=\"elementor-column elementor-col-100 elementor-top-column elementor-element elementor-element-def0fea\" data-id=\"def0fea\" data-element_type=\"column\" data-e-type=\"column\">\n\t\t\t<div class=\"elementor-widget-wrap elementor-element-populated\">\n\t\t\t\t\t\t<div class=\"elementor-element elementor-element-7960c5c elementor-invisible elementor-widget elementor-widget-heading\" data-id=\"7960c5c\" data-element_type=\"widget\" data-e-type=\"widget\" data-settings=\"{&quot;_animation&quot;:&quot;fadeInUp&quot;}\" data-widget_type=\"heading.default\">\n\t\t\t\t\t\t<div class=\"elementor-widget-container\">\n\t\t\t\t\t<h2 class=\"elementor-heading-title elementor-size-default\">Das Wellness-Hotel in Drenthe<\/h2>\t\t\t\t<\/div>\n\t\t\t\t<\/div>\n\t\t\t\t<div class=\"elementor-element elementor-element-d306901 elementor-widget elementor-widget-text-editor\" data-id=\"d306901\" data-element_type=\"widget\" data-e-type=\"widget\" data-widget_type=\"text-editor.default\">\n\t\t\t\t\t\t<div class=\"elementor-widget-container\">\n\t\t\t\t\t\t\t\t\t<p>Im Bademantel vom Spa zu Ihrem Hotelzimmer laufen? Das k\u00f6nnen Sie im Wellnesshotel Spabron!<\/p>\n<p><strong>L\u00e4ndliches Ambiente<\/strong><br \/>Die sch\u00f6nen Hotelzimmer in l\u00e4ndlicher Atmosph\u00e4re liegen in dem sch\u00f6nen Naturgebiet &#8218;De Hondsrug&#8216;. Spabron ist eine der wenigen Saunen in den n\u00f6rdlichen Niederlanden mit Zugang zu Hotelzimmern.<\/p>\n<p>Von Ihrem Hotelzimmer aus k\u00f6nnen Sie im Bademantel zum Spa- und Wellnessbereich gehen. Das ist einfach und bequem!<\/p>\n<p><strong>Inklusive Saunabesuch<br \/><\/strong>Nach dem Einchecken ist es das reinste Vergn\u00fcgen!<br \/>Schon vor dem Einchecken k\u00f6nnen Sie die Sauna und die Wellnesseinrichtungen nutzen. Buchen Sie einen Hotelaufenthalt in Spabron? Dann k\u00f6nnen Sie alle Einrichtungen vom Tag der Ankunft bis zum Tag der Abreise ganzt\u00e4gig nutzen.<\/p>\n<p>An welchen Tagen m\u00f6chten Sie im Wellnesshotel \u00fcbernachten?<\/p>\n\t\t\t\t\t\t\t\t<\/div>\n\t\t\t\t<\/div>\n\t\t\t\t<div class=\"elementor-element elementor-element-f277d05 elementor-widget elementor-widget-html\" data-id=\"f277d05\" data-element_type=\"widget\" data-e-type=\"widget\" data-widget_type=\"html.default\">\n\t\t\t\t\t\t<div class=\"elementor-widget-container\">\n\t\t\t\t\t<div class=\"RoomRaccoon-BookingEngine\">\n  Von:  <input id=\"startDate-nl\" name=\"dateStart\" type=\"date\" value=\"\">\n\t<span style=\"margin-left:8px;\"><\/span>\n  An:  <input id=\"endDate-nl\" name=\"dateEnd\" type=\"date\" value=\"\"><script>\n\t\tvar date = new Date();\n\t\tvar formatFixMonth, formatFixDay;\n\t\tif( date.getMonth() <9 ){ formatFixMonth = 0; }else{ formatFixMonth = \"\"; } if( date.getDate() <9 ){ formatFixDay = 0; }else{ formatFixDay = \"\"; } var today = date.getFullYear() + \"-\" + formatFixMonth + (date.getMonth()+1) + \"-\" + formatFixDay + date.getDate(); date.setDate(date.getDate()+1); if( date.getMonth() <9 ){ formatFixMonth = 0; }else{ formatFixMonth = \"\"; } if( date.getDate() <9 ){ formatFixDay = 0; }else{ formatFixDay = \"\"; } var tomorrow = date.getFullYear() + \"-\" + formatFixMonth + (date.getMonth()+1) + \"-\" + formatFixDay + date.getDate(); document.getElementById(\"startDate-nl\").value = today; document.getElementById(\"endDate-nl\").value = tomorrow; <\/script>\n\t<a class=\"RoomRaccoonButton2 RoomRaccoonButton2-nl\" style=\"position:relative; display:inline-block; font-size:15px; line-height:30px; padding:10px 8px; border:none; border-radius:5px; background:#fffff; color:#000; margin-left:8px; text-decoration:none;\" onclick=\"window.open(\"https:\\\/\\\/booking.roomraccoon.com\\\/wellnesshotel-spabron-hesselerbr\\\/nl\\\/?dateStart=\"+document.getElementById(\"startDate-nl\").value+\"&amp;dateEnd=\"+document.getElementById(\"endDate-nl\").value+\"\", \"_blank\");\">Verf\u00fcgbarkeit pr\u00fcfen<\/a>\n<\/div>\t\t\t\t<\/div>\n\t\t\t\t<\/div>\n\t\t\t\t<div class=\"elementor-element elementor-element-d0c1411 elementor-widget elementor-widget-text-editor\" data-id=\"d0c1411\" data-element_type=\"widget\" data-e-type=\"widget\" data-widget_type=\"text-editor.default\">\n\t\t\t\t\t\t<div class=\"elementor-widget-container\">\n\t\t\t\t\t\t\t\t\t<p>Buchen Sie Ihre \u00dcbernachtung direkt \u00fcber Spabron? Dann ist das immer g\u00fcnstiger als \u00fcber einen externen Anbieter.<br \/>Sie finden sich in unserem Buchungssystem nicht zurecht? Dann schicken Sie uns eine <a href=\"mailto:info@spabron.nl\">E-Mail<\/a>. Wir buchen f\u00fcr Sie zum besten Preis.<\/p>\n\t\t\t\t\t\t\t\t<\/div>\n\t\t\t\t<\/div>\n\t\t\t\t\t<\/div>\n\t\t<\/div>\n\t\t\t\t\t<\/div>\n\t\t<\/section>\n\t\t\t\t<section class=\"elementor-section elementor-top-section elementor-element elementor-element-cfde29f elementor-section-boxed elementor-section-height-default elementor-section-height-default\" data-id=\"cfde29f\" data-element_type=\"section\" data-e-type=\"section\" data-settings=\"{&quot;background_background&quot;:&quot;classic&quot;}\">\n\t\t\t\t\t\t<div class=\"elementor-container elementor-column-gap-default\">\n\t\t\t\t\t<div class=\"elementor-column elementor-col-50 elementor-top-column elementor-element elementor-element-ac6ba00\" data-id=\"ac6ba00\" data-element_type=\"column\" data-e-type=\"column\">\n\t\t\t<div class=\"elementor-widget-wrap elementor-element-populated\">\n\t\t\t\t\t\t<div class=\"elementor-element elementor-element-673f878 elementor-widget elementor-widget-text-editor\" data-id=\"673f878\" data-element_type=\"widget\" data-e-type=\"widget\" data-widget_type=\"text-editor.default\">\n\t\t\t\t\t\t<div class=\"elementor-widget-container\">\n\t\t\t\t\t\t\t\t\t<p><strong>Jeder Hotelaufenthalt beinhaltet:<\/strong><\/p>\n<ul>\n<li>Saunaeintritt am An- und Abreisetag ganzt\u00e4gig<\/li>\n<li>Kostenloses Parken<\/li>\n<li>Kostenlose Nutzung von WiFi<\/li>\n<\/ul>\n<p>Sie sind nat\u00fcrlich auch in unserem Hotel willkommen, ohne unser Spa zu benutzen. Wir m\u00f6chten Sie jedoch darauf hinweisen, dass das Hotel und Restaurant von Spabron ganz auf Wellness ausgerichtet ist.  <\/p>\n<\/p>\n<p><strong>Hotelzimmer<\/strong><\/p>\n<p>Alle Hotelzimmer sind einzigartig. Aufgrund des sch\u00f6nen, stimmungsvollen Geb\u00e4udes, in dem die Zimmer untergebracht sind, hat jedes Zimmer seinen eigenen Charakter.<br \/>Unterschiedliche Kammern: Die so genannten l\u00e4ndlichen Kammern sind gr\u00f6\u00dfer als die Provinzkammern.  <\/p>\n<p><a href=\"http:\/\/spabron.nl\/de\/zimmer\/\"><span style=\"text-decoration: underline;\">Lesen Sie mehr&#8230;<\/span><\/a><\/p>\n\t\t\t\t\t\t\t\t<\/div>\n\t\t\t\t<\/div>\n\t\t\t\t\t<\/div>\n\t\t<\/div>\n\t\t\t\t<div class=\"elementor-column elementor-col-50 elementor-top-column elementor-element elementor-element-911233e\" data-id=\"911233e\" data-element_type=\"column\" data-e-type=\"column\" data-settings=\"{&quot;background_background&quot;:&quot;slideshow&quot;,&quot;background_slideshow_gallery&quot;:[],&quot;background_slideshow_loop&quot;:&quot;yes&quot;,&quot;background_slideshow_slide_duration&quot;:5000,&quot;background_slideshow_slide_transition&quot;:&quot;fade&quot;,&quot;background_slideshow_transition_duration&quot;:500}\">\n\t\t\t<div class=\"elementor-widget-wrap elementor-element-populated\">\n\t\t\t\t\t\t<div class=\"elementor-element elementor-element-6526c21 elementor-widget elementor-widget-image\" data-id=\"6526c21\" data-element_type=\"widget\" data-e-type=\"widget\" data-widget_type=\"image.default\">\n\t\t\t\t\t\t<div class=\"elementor-widget-container\">\n\t\t\t\t\t\t\t\t\t\t\t\t\t\t\t<img fetchpriority=\"high\" decoding=\"async\" width=\"2000\" height=\"1335\" src=\"https:\/\/spabron.nl\/wp-content\/uploads\/2023\/01\/Zwembad-goed-Spabron-2000px.jpg\" class=\"attachment-2048x2048 size-2048x2048 wp-image-4157\" alt=\"Spabron - Hesselerburg\" srcset=\"https:\/\/spabron.nl\/wp-content\/uploads\/2023\/01\/Zwembad-goed-Spabron-2000px.jpg 2000w, https:\/\/spabron.nl\/wp-content\/uploads\/2023\/01\/Zwembad-goed-Spabron-2000px-300x200.jpg 300w, https:\/\/spabron.nl\/wp-content\/uploads\/2023\/01\/Zwembad-goed-Spabron-2000px-1024x684.jpg 1024w, https:\/\/spabron.nl\/wp-content\/uploads\/2023\/01\/Zwembad-goed-Spabron-2000px-768x513.jpg 768w, https:\/\/spabron.nl\/wp-content\/uploads\/2023\/01\/Zwembad-goed-Spabron-2000px-1536x1025.jpg 1536w\" sizes=\"(max-width: 2000px) 100vw, 2000px\" \/>\t\t\t\t\t\t\t\t\t\t\t\t\t\t\t<\/div>\n\t\t\t\t<\/div>\n\t\t\t\t\t<\/div>\n\t\t<\/div>\n\t\t\t\t\t<\/div>\n\t\t<\/section>\n\t\t\t\t<section class=\"elementor-section elementor-top-section elementor-element elementor-element-59e253b elementor-section-boxed elementor-section-height-default elementor-section-height-default\" data-id=\"59e253b\" data-element_type=\"section\" data-e-type=\"section\" data-settings=\"{&quot;background_background&quot;:&quot;classic&quot;}\">\n\t\t\t\t\t\t<div class=\"elementor-container elementor-column-gap-default\">\n\t\t\t\t\t<div class=\"elementor-column elementor-col-50 elementor-top-column elementor-element elementor-element-7a3f532\" data-id=\"7a3f532\" data-element_type=\"column\" data-e-type=\"column\" data-settings=\"{&quot;background_background&quot;:&quot;slideshow&quot;,&quot;background_slideshow_gallery&quot;:[],&quot;background_slideshow_loop&quot;:&quot;yes&quot;,&quot;background_slideshow_slide_duration&quot;:5000,&quot;background_slideshow_slide_transition&quot;:&quot;fade&quot;,&quot;background_slideshow_transition_duration&quot;:500}\">\n\t\t\t<div class=\"elementor-widget-wrap elementor-element-populated\">\n\t\t\t\t\t\t<div class=\"elementor-element elementor-element-bae4bfe elementor-widget elementor-widget-image\" data-id=\"bae4bfe\" data-element_type=\"widget\" data-e-type=\"widget\" data-widget_type=\"image.default\">\n\t\t\t\t\t\t<div class=\"elementor-widget-container\">\n\t\t\t\t\t\t\t\t\t\t\t\t\t\t\t<img decoding=\"async\" width=\"800\" height=\"430\" src=\"https:\/\/spabron.nl\/wp-content\/uploads\/2023\/01\/Hotel-Spabron-Provinciale-kamer-Spabron-2000px-1.jpg\" class=\"attachment-2048x2048 size-2048x2048 wp-image-4377\" alt=\"\" srcset=\"https:\/\/spabron.nl\/wp-content\/uploads\/2023\/01\/Hotel-Spabron-Provinciale-kamer-Spabron-2000px-1.jpg 800w, https:\/\/spabron.nl\/wp-content\/uploads\/2023\/01\/Hotel-Spabron-Provinciale-kamer-Spabron-2000px-1-300x161.jpg 300w, https:\/\/spabron.nl\/wp-content\/uploads\/2023\/01\/Hotel-Spabron-Provinciale-kamer-Spabron-2000px-1-768x413.jpg 768w\" sizes=\"(max-width: 800px) 100vw, 800px\" \/>\t\t\t\t\t\t\t\t\t\t\t\t\t\t\t<\/div>\n\t\t\t\t<\/div>\n\t\t\t\t\t<\/div>\n\t\t<\/div>\n\t\t\t\t<div class=\"elementor-column elementor-col-50 elementor-top-column elementor-element elementor-element-1038f07\" data-id=\"1038f07\" data-element_type=\"column\" data-e-type=\"column\">\n\t\t\t<div class=\"elementor-widget-wrap elementor-element-populated\">\n\t\t\t\t\t\t<div class=\"elementor-element elementor-element-aea7482 elementor-widget elementor-widget-text-editor\" data-id=\"aea7482\" data-element_type=\"widget\" data-e-type=\"widget\" data-widget_type=\"text-editor.default\">\n\t\t\t\t\t\t<div class=\"elementor-widget-container\">\n\t\t\t\t\t\t\t\t\t<p><strong>Alle Zimmer<\/strong> enthalten:<\/p>\n<ul>\n<li>Privates Badezimmer mit Dusche<\/li>\n<li>Flachbildfernseher<\/li>\n<li>Wi-Fi<\/li>\n<li>Haartrockner<\/li>\n<li>Kessel<\/li>\n<li>Kaffee und Tee<\/li>\n<li>Kommode zur Aufbewahrung Ihrer Sachen<\/li>\n<li>Gro\u00dfe und kleine Duschhandt\u00fccher<\/li>\n<li>Pflegemittel:\n<ul>\n<li>Shampoo<\/li>\n<li>Konditionierer<\/li>\n<li>Bodylotion<\/li>\n<li>Waschtischgarnitur<\/li>\n<\/ul>\n<\/li>\n<\/ul>\n<p>Buchen Sie Ihre \u00dcbernachtung \u00fcber unsere eigene Website? Dann ist das immer vorteilhafter. Pr\u00fcfen Sie <a href=\"https:\/\/booking.roomraccoon.com\/wellnesshotel-spabron-hesselerbr\/nl\/\" target=\"_blank\" rel=\"noopener\">hier<\/a> die Verf\u00fcgbarkeit von Zimmern.<\/p>\n<p>Sehen Sie sich auch unsere speziellen <a href=\"http:\/\/spabron.nl\/arrangementen\/\">Hotelpakete an!<\/a><\/p>\n\t\t\t\t\t\t\t\t<\/div>\n\t\t\t\t<\/div>\n\t\t\t\t\t<\/div>\n\t\t<\/div>\n\t\t\t\t\t<\/div>\n\t\t<\/section>\n\t\t\t\t<section class=\"elementor-section elementor-top-section elementor-element elementor-element-d2ec57d elementor-section-boxed elementor-section-height-default elementor-section-height-default\" data-id=\"d2ec57d\" data-element_type=\"section\" data-e-type=\"section\">\n\t\t\t\t\t\t<div class=\"elementor-container elementor-column-gap-default\">\n\t\t\t\t\t<div class=\"elementor-column elementor-col-100 elementor-top-column elementor-element elementor-element-ba7f7e0\" data-id=\"ba7f7e0\" data-element_type=\"column\" data-e-type=\"column\">\n\t\t\t<div class=\"elementor-widget-wrap\">\n\t\t\t\t\t\t\t<\/div>\n\t\t<\/div>\n\t\t\t\t\t<\/div>\n\t\t<\/section>\n\t\t\t\t<section class=\"elementor-section elementor-top-section elementor-element elementor-element-a0f2d7a elementor-section-boxed elementor-section-height-default elementor-section-height-default\" data-id=\"a0f2d7a\" data-element_type=\"section\" data-e-type=\"section\">\n\t\t\t\t\t\t<div class=\"elementor-container elementor-column-gap-default\">\n\t\t\t\t\t<div class=\"elementor-column elementor-col-100 elementor-top-column elementor-element elementor-element-09d4d00\" data-id=\"09d4d00\" data-element_type=\"column\" data-e-type=\"column\">\n\t\t\t<div class=\"elementor-widget-wrap elementor-element-populated\">\n\t\t\t\t\t\t<div class=\"elementor-element elementor-element-d299389 elementor-align-center elementor-widget elementor-widget-button\" data-id=\"d299389\" data-element_type=\"widget\" data-e-type=\"widget\" data-widget_type=\"button.default\">\n\t\t\t\t\t\t<div class=\"elementor-widget-container\">\n\t\t\t\t\t\t\t\t\t<div class=\"elementor-button-wrapper\">\n\t\t\t\t\t<a class=\"elementor-button elementor-button-link elementor-size-sm\" href=\"https:\/\/booking.roomraccoon.com\/wellnesshotel-spabron-hesselerbr\/nl\/\" target=\"_blank\" rel=\"noopener\">\n\t\t\t\t\t\t<span class=\"elementor-button-content-wrapper\">\n\t\t\t\t\t\t\t\t\t<span class=\"elementor-button-text\">Ein Zimmer reservieren<\/span>\n\t\t\t\t\t<\/span>\n\t\t\t\t\t<\/a>\n\t\t\t\t<\/div>\n\t\t\t\t\t\t\t\t<\/div>\n\t\t\t\t<\/div>\n\t\t\t\t\t<\/div>\n\t\t<\/div>\n\t\t\t\t\t<\/div>\n\t\t<\/section>\n\t\t\t\t<\/div>\n\t\t","protected":false},"excerpt":{"rendered":"<p>Hotel Sch\u00f6ne Hotelzimmer, ganzt\u00e4giger Zugang zu allen Wellness-Einrichtungen, k\u00f6stliches Essen und Entspannung in nat\u00fcrlicher Umgebung. Das Wellness-Hotel in Drenthe Im Bademantel vom Spa zu Ihrem Hotelzimmer laufen? Das k\u00f6nnen Sie im Wellnesshotel Spabron! L\u00e4ndliches AmbienteDie sch\u00f6nen Hotelzimmer in l\u00e4ndlicher Atmosph\u00e4re liegen in dem sch\u00f6nen Naturgebiet &#8218;De Hondsrug&#8216;. Spabron ist eine der wenigen Saunen in den [&hellip;]<\/p>\n","protected":false},"author":2,"featured_media":4159,"parent":0,"menu_order":0,"comment_status":"closed","ping_status":"closed","template":"elementor_header_footer","meta":{"footnotes":""},"class_list":["post-4670","page","type-page","status-publish","has-post-thumbnail","hentry"],"_links":{"self":[{"href":"https:\/\/spabron.nl\/de\/wp-json\/wp\/v2\/pages\/4670","targetHints":{"allow":["GET"]}}],"collection":[{"href":"https:\/\/spabron.nl\/de\/wp-json\/wp\/v2\/pages"}],"about":[{"href":"https:\/\/spabron.nl\/de\/wp-json\/wp\/v2\/types\/page"}],"author":[{"embeddable":true,"href":"https:\/\/spabron.nl\/de\/wp-json\/wp\/v2\/users\/2"}],"replies":[{"embeddable":true,"href":"https:\/\/spabron.nl\/de\/wp-json\/wp\/v2\/comments?post=4670"}],"version-history":[{"count":0,"href":"https:\/\/spabron.nl\/de\/wp-json\/wp\/v2\/pages\/4670\/revisions"}],"wp:featuredmedia":[{"embeddable":true,"href":"https:\/\/spabron.nl\/de\/wp-json\/wp\/v2\/media\/4159"}],"wp:attachment":[{"href":"https:\/\/spabron.nl\/de\/wp-json\/wp\/v2\/media?parent=4670"}],"curies":[{"name":"wp","href":"https:\/\/api.w.org\/{rel}","templated":true}]}}