{"id":7565,"date":"2023-02-01T07:35:52","date_gmt":"2023-02-01T06:35:52","guid":{"rendered":"https:\/\/spabron.nl\/versand\/"},"modified":"2025-11-27T11:04:34","modified_gmt":"2025-11-27T10:04:34","slug":"versand","status":"publish","type":"page","link":"https:\/\/spabron.nl\/de\/versand\/","title":{"rendered":"Versand"},"content":{"rendered":"\t\t<div data-elementor-type=\"wp-page\" data-elementor-id=\"7565\" class=\"elementor elementor-7565 elementor-5352\" data-elementor-post-type=\"page\">\n\t\t\t\t\t\t<section class=\"elementor-section elementor-top-section elementor-element elementor-element-3b2589e elementor-section-height-min-height elementor-section-full_width elementor-section-height-default elementor-section-items-middle\" data-id=\"3b2589e\" data-element_type=\"section\" data-e-type=\"section\" data-settings=\"{&quot;background_background&quot;:&quot;slideshow&quot;,&quot;background_slideshow_gallery&quot;:[{&quot;id&quot;:4415,&quot;url&quot;:&quot;https:\\\/\\\/spabron.nl\\\/wp-content\\\/uploads\\\/2023\\\/01\\\/Boeddha-Spabron-2000px.jpg&quot;}],&quot;motion_fx_motion_fx_scrolling&quot;:&quot;yes&quot;,&quot;background_slideshow_loop&quot;:&quot;yes&quot;,&quot;background_slideshow_slide_duration&quot;:5000,&quot;background_slideshow_slide_transition&quot;:&quot;fade&quot;,&quot;background_slideshow_transition_duration&quot;:500,&quot;motion_fx_devices&quot;:[&quot;desktop&quot;,&quot;laptop&quot;,&quot;tablet&quot;,&quot;mobile&quot;]}\">\n\t\t\t\t\t\t\t<div class=\"elementor-background-overlay\"><\/div>\n\t\t\t\t\t\t\t<div class=\"elementor-container elementor-column-gap-default\">\n\t\t\t\t\t<div class=\"elementor-column elementor-col-100 elementor-top-column elementor-element elementor-element-21b8376 animated-slow elementor-invisible\" data-id=\"21b8376\" data-element_type=\"column\" data-e-type=\"column\" data-settings=\"{&quot;animation&quot;:&quot;fadeIn&quot;,&quot;animation_delay&quot;:0}\">\n\t\t\t<div class=\"elementor-widget-wrap elementor-element-populated\">\n\t\t\t\t\t\t<div class=\"elementor-element elementor-element-f29f1c3 uael-heading-align-center animated-slow elementor-invisible elementor-widget elementor-widget-uael-advanced-heading\" data-id=\"f29f1c3\" data-element_type=\"widget\" data-e-type=\"widget\" data-settings=\"{&quot;_animation&quot;:&quot;slideInDown&quot;}\" data-widget_type=\"uael-advanced-heading.default\">\n\t\t\t\t\t\t<div class=\"elementor-widget-container\">\n\t\t\t\t\t\n\t\t<div class=\"uael-module-content uael-heading-wrapper\">\n\t\t\t\t\t\t\n\t\t\t<h1 class=\"uael-heading\">\n\t\t\t\t\t\t\t\t\t\t<span class=\"uael-heading-text elementor-inline-editing uael-size--default\" data-elementor-setting-key=\"heading_title\" data-elementor-inline-editing-toolbar=\"basic\">Versand<\/span>\n\t\t\t\t\t\t\t<\/h1>\n\n\t\t\t\n\t\t\t\t\t\t<div class=\"uael-module-content uael-separator-parent\">\n\t\t\t\t\t\t\t\t\t\t\t\t\t<div class=\"uael-separator\"><\/div>\n\t\t\t\t\t\t\t<\/div>\n\t\t\t\n\t\t\t\n\t\t\t\t\t\t<\/div>\n\t\t\t\t\t\t<\/div>\n\t\t\t\t<\/div>\n\t\t\t\t<div class=\"elementor-element elementor-element-4368461 animated-slow elementor-invisible elementor-widget elementor-widget-text-editor\" data-id=\"4368461\" data-element_type=\"widget\" data-e-type=\"widget\" data-settings=\"{&quot;_animation&quot;:&quot;fadeIn&quot;,&quot;_animation_delay&quot;:800}\" data-widget_type=\"text-editor.default\">\n\t\t\t\t\t\t<\/div>\n\t\t\t\t\t<\/div>\n\t\t<\/div>\n\t\t\t\t\t<\/div>\n\t\t<\/section>\n\t\t\t\t<section class=\"elementor-section elementor-top-section elementor-element elementor-element-bd32885 elementor-section-full_width elementor-section-height-default elementor-section-height-default\" data-id=\"bd32885\" data-element_type=\"section\" data-e-type=\"section\">\n\t\t\t\t\t\t<div class=\"elementor-container elementor-column-gap-default\">\n\t\t\t\t\t<div class=\"elementor-column elementor-col-100 elementor-top-column elementor-element elementor-element-77cf95c\" data-id=\"77cf95c\" data-element_type=\"column\" data-e-type=\"column\">\n\t\t\t<div class=\"elementor-widget-wrap elementor-element-populated\">\n\t\t\t\t\t\t<div class=\"elementor-element elementor-element-3061fdc elementor-view-default elementor-invisible elementor-widget elementor-widget-icon\" data-id=\"3061fdc\" data-element_type=\"widget\" data-e-type=\"widget\" data-settings=\"{&quot;sticky&quot;:&quot;bottom&quot;,&quot;sticky_parent&quot;:&quot;yes&quot;,&quot;_animation&quot;:&quot;fadeInUp&quot;,&quot;sticky_on&quot;:[&quot;desktop&quot;,&quot;laptop&quot;,&quot;tablet&quot;,&quot;mobile&quot;],&quot;sticky_offset&quot;:0,&quot;sticky_effects_offset&quot;:0,&quot;sticky_anchor_link_offset&quot;:0}\" data-widget_type=\"icon.default\">\n\t\t\t\t\t\t<div class=\"elementor-widget-container\">\n\t\t\t\t\t\t\t<div class=\"elementor-icon-wrapper\">\n\t\t\t<a class=\"elementor-icon elementor-animation-grow\" href=\"#paginasectie\">\n\t\t\t<i aria-hidden=\"true\" class=\"fas fa-angle-down\"><\/i>\t\t\t<\/a>\n\t\t<\/div>\n\t\t\t\t\t\t<\/div>\n\t\t\t\t<\/div>\n\t\t\t\t<div class=\"elementor-element elementor-element-e569487 elementor-widget elementor-widget-menu-anchor\" data-id=\"e569487\" data-element_type=\"widget\" data-e-type=\"widget\" data-widget_type=\"menu-anchor.default\">\n\t\t\t\t\t\t<div class=\"elementor-widget-container\">\n\t\t\t\t\t\t\t<div class=\"elementor-menu-anchor\" id=\"Seitenabschnitt\"><\/div>\n\t\t\t\t\t\t<\/div>\n\t\t\t\t<\/div>\n\t\t\t\t\t<\/div>\n\t\t<\/div>\n\t\t\t\t\t<\/div>\n\t\t<\/section>\n\t\t\t\t<section class=\"elementor-section elementor-top-section elementor-element elementor-element-e8b5971 elementor-section-boxed elementor-section-height-default elementor-section-height-default\" data-id=\"e8b5971\" data-element_type=\"section\" data-e-type=\"section\">\n\t\t\t\t\t\t<div class=\"elementor-container elementor-column-gap-no\">\n\t\t\t\t\t<div class=\"elementor-column elementor-col-100 elementor-top-column elementor-element elementor-element-21ec0b3\" data-id=\"21ec0b3\" data-element_type=\"column\" data-e-type=\"column\">\n\t\t\t<div class=\"elementor-widget-wrap elementor-element-populated\">\n\t\t\t\t\t\t<div class=\"elementor-element elementor-element-76a6a96 elementor-widget elementor-widget-text-editor\" data-id=\"76a6a96\" data-element_type=\"widget\" data-e-type=\"widget\" data-widget_type=\"text-editor.default\">\n\t\t\t\t\t\t<div class=\"elementor-widget-container\">\n\t\t\t\t\t\t\t\t\t<p>Sie k\u00f6nnen die Versandkosten \u00fcber den unten stehenden Link bezahlen.<\/p><p>Die Bezahlung erfolgt sicher \u00fcber unseren Webshop.<\/p>\t\t\t\t\t\t\t\t<\/div>\n\t\t\t\t<\/div>\n\t\t\t\t\t<\/div>\n\t\t<\/div>\n\t\t\t\t\t<\/div>\n\t\t<\/section>\n\t\t\t\t<section class=\"elementor-section elementor-top-section elementor-element elementor-element-e05c5c2 elementor-section-boxed elementor-section-height-default elementor-section-height-default\" data-id=\"e05c5c2\" data-element_type=\"section\" data-e-type=\"section\">\n\t\t\t\t\t\t<div class=\"elementor-container elementor-column-gap-default\">\n\t\t\t\t\t<div class=\"elementor-column elementor-col-100 elementor-top-column elementor-element elementor-element-2f8a8c6\" data-id=\"2f8a8c6\" data-element_type=\"column\" data-e-type=\"column\">\n\t\t\t<div class=\"elementor-widget-wrap elementor-element-populated\">\n\t\t\t\t\t\t<div class=\"elementor-element elementor-element-bb82205 elementor-widget elementor-widget-text-editor\" data-id=\"bb82205\" data-element_type=\"widget\" data-e-type=\"widget\" data-widget_type=\"text-editor.default\">\n\t\t\t\t\t\t<div class=\"elementor-widget-container\">\n\t\t\t\t\t\t\t\t\t<div id=\"product-component-1675233595853\"><div id=\"product-component-1764236932052\"><\/div>\n<script type=\"text\/javascript\">\n\/*<![CDATA[*\/\n(function () {\n  var scriptURL = 'https:\/\/sdks.shopifycdn.com\/buy-button\/latest\/buy-button-storefront.min.js';\n  if (window.ShopifyBuy) {\n    if (window.ShopifyBuy.UI) {\n      ShopifyBuyInit();\n    } else {\n      loadScript();\n    }\n  } else {\n    loadScript();\n  }\n  function loadScript() {\n    var script = document.createElement('script');\n    script.async = true;\n    script.src = scriptURL;\n    (document.getElementsByTagName('head')[0] || document.getElementsByTagName('body')[0]).appendChild(script);\n    script.onload = ShopifyBuyInit;\n  }\n  function ShopifyBuyInit() {\n    var client = ShopifyBuy.buildClient({\n      domain: 'spabron.myshopify.com',\n      storefrontAccessToken: '45b82ebd00958b789da19038c806ceed',\n    });\n    ShopifyBuy.UI.onReady(client).then(function (ui) {\n      ui.createComponent('product', {\n        id: '7168427294754',\n        node: document.getElementById('product-component-1764236932052'),\n        moneyFormat: '%E2%82%AC%7B%7Bamount_with_comma_separator%7D%7D',\n        options: {\n  \"product\": {\n    \"styles\": {\n      \"product\": {\n        \"@media (min-width: 601px)\": {\n          \"max-width\": \"100%\",\n          \"margin-left\": \"0\",\n          \"margin-bottom\": \"50px\"\n        },\n        \"text-align\": \"left\"\n      },\n      \"title\": {\n        \"font-size\": \"26px\",\n        \"color\": \"#000000\"\n      },\n      \"button\": {\n        \"font-family\": \"Roboto, sans-serif\",\n        \"color\": \"#000000\",\n        \":hover\": {\n          \"color\": \"#000000\",\n          \"background-color\": \"#e69a00\"\n        },\n        \"background-color\": \"#ffab00\",\n        \":focus\": {\n          \"background-color\": \"#e69a00\"\n        }\n      },\n      \"price\": {\n        \"font-size\": \"18px\"\n      },\n      \"compareAt\": {\n        \"font-size\": \"15.299999999999999px\"\n      },\n      \"unitPrice\": {\n        \"font-size\": \"15.299999999999999px\"\n      }\n    },\n    \"buttonDestination\": \"checkout\",\n    \"layout\": \"horizontal\",\n    \"contents\": {\n      \"img\": false,\n      \"imgWithCarousel\": true,\n      \"button\": false,\n      \"buttonWithQuantity\": true,\n      \"description\": true\n    },\n    \"width\": \"100%\",\n    \"text\": {\n      \"button\": \"Betalen\"\n    },\n    \"googleFonts\": [\n      \"Roboto\"\n    ]\n  },\n  \"productSet\": {\n    \"styles\": {\n      \"products\": {\n        \"@media (min-width: 601px)\": {\n          \"margin-left\": \"-20px\"\n        }\n      }\n    }\n  },\n  \"modalProduct\": {\n    \"contents\": {\n      \"img\": false,\n      \"imgWithCarousel\": true\n    },\n    \"styles\": {\n      \"product\": {\n        \"@media (min-width: 601px)\": {\n          \"max-width\": \"100%\",\n          \"margin-left\": \"0px\",\n          \"margin-bottom\": \"0px\"\n        }\n      },\n      \"button\": {\n        \"font-family\": \"Roboto, sans-serif\",\n        \"color\": \"#000000\",\n        \":hover\": {\n          \"color\": \"#000000\",\n          \"background-color\": \"#e69a00\"\n        },\n        \"background-color\": \"#ffab00\",\n        \":focus\": {\n          \"background-color\": \"#e69a00\"\n        }\n      },\n      \"title\": {\n        \"font-family\": \"Helvetica Neue, sans-serif\",\n        \"font-weight\": \"bold\",\n        \"font-size\": \"26px\",\n        \"color\": \"#0b0b0b\"\n      },\n      \"price\": {\n        \"font-family\": \"Helvetica Neue, sans-serif\",\n        \"font-weight\": \"normal\",\n        \"font-size\": \"18px\",\n        \"color\": \"#4c4c4c\"\n      },\n      \"compareAt\": {\n        \"font-family\": \"Helvetica Neue, sans-serif\",\n        \"font-weight\": \"normal\",\n        \"font-size\": \"15.299999999999999px\",\n        \"color\": \"#4c4c4c\"\n      },\n      \"unitPrice\": {\n        \"font-family\": \"Helvetica Neue, sans-serif\",\n        \"font-weight\": \"normal\",\n        \"font-size\": \"15.299999999999999px\",\n        \"color\": \"#4c4c4c\"\n      }\n    },\n    \"googleFonts\": [\n      \"Roboto\"\n    ],\n    \"text\": {\n      \"button\": \"Bestellen\"\n    }\n  },\n  \"option\": {},\n  \"cart\": {\n    \"styles\": {\n      \"button\": {\n        \"font-family\": \"Roboto, sans-serif\",\n        \"color\": \"#000000\",\n        \":hover\": {\n          \"color\": \"#000000\",\n          \"background-color\": \"#e69a00\"\n        },\n        \"background-color\": \"#ffab00\",\n        \":focus\": {\n          \"background-color\": \"#e69a00\"\n        }\n      },\n      \"title\": {\n        \"color\": \"#000000\"\n      },\n      \"header\": {\n        \"color\": \"#000000\"\n      },\n      \"lineItems\": {\n        \"color\": \"#000000\"\n      },\n      \"subtotalText\": {\n        \"color\": \"#000000\"\n      },\n      \"subtotal\": {\n        \"color\": \"#000000\"\n      },\n      \"notice\": {\n        \"color\": \"#000000\"\n      },\n      \"currency\": {\n        \"color\": \"#000000\"\n      },\n      \"close\": {\n        \"color\": \"#000000\",\n        \":hover\": {\n          \"color\": \"#000000\"\n        }\n      },\n      \"empty\": {\n        \"color\": \"#000000\"\n      },\n      \"noteDescription\": {\n        \"color\": \"#000000\"\n      },\n      \"discountText\": {\n        \"color\": \"#000000\"\n      },\n      \"discountIcon\": {\n        \"fill\": \"#000000\"\n      },\n      \"discountAmount\": {\n        \"color\": \"#000000\"\n      }\n    },\n    \"text\": {\n      \"title\": \"Totaal\",\n      \"total\": \"Totaal\",\n      \"empty\": \"Selecteer het gewenste product\",\n      \"notice\": \"\",\n      \"button\": \"Bestelling afronden\",\n      \"noteDescription\": \"Hier kunt u, indien gewenst, een opmerking plaatsen. \"\n    },\n    \"contents\": {\n      \"note\": true\n    },\n    \"popup\": false,\n    \"googleFonts\": [\n      \"Roboto\"\n    ]\n  },\n  \"toggle\": {\n    \"styles\": {\n      \"toggle\": {\n        \"font-family\": \"Roboto, sans-serif\",\n        \"background-color\": \"#ffab00\",\n        \":hover\": {\n          \"background-color\": \"#e69a00\"\n        },\n        \":focus\": {\n          \"background-color\": \"#e69a00\"\n        }\n      },\n      \"count\": {\n        \"color\": \"#000000\",\n        \":hover\": {\n          \"color\": \"#000000\"\n        }\n      },\n      \"iconPath\": {\n        \"fill\": \"#000000\"\n      }\n    },\n    \"googleFonts\": [\n      \"Roboto\"\n    ]\n  },\n  \"lineItem\": {\n    \"styles\": {\n      \"variantTitle\": {\n        \"color\": \"#000000\"\n      },\n      \"title\": {\n        \"color\": \"#000000\"\n      },\n      \"price\": {\n        \"color\": \"#000000\"\n      },\n      \"fullPrice\": {\n        \"color\": \"#000000\"\n      },\n      \"discount\": {\n        \"color\": \"#000000\"\n      },\n      \"discountIcon\": {\n        \"fill\": \"#000000\"\n      },\n      \"quantity\": {\n        \"color\": \"#000000\"\n      },\n      \"quantityIncrement\": {\n        \"color\": \"#000000\",\n        \"border-color\": \"#000000\"\n      },\n      \"quantityDecrement\": {\n        \"color\": \"#000000\",\n        \"border-color\": \"#000000\"\n      },\n      \"quantityInput\": {\n        \"color\": \"#000000\",\n        \"border-color\": \"#000000\"\n      }\n    }\n  }\n},\n      });\n    });\n  }\n})();\n\/*]]>*\/\n<\/script><\/div>\t\t\t\t\t\t\t\t<\/div>\n\t\t\t\t<\/div>\n\t\t\t\t\t<\/div>\n\t\t<\/div>\n\t\t\t\t\t<\/div>\n\t\t<\/section>\n\t\t\t\t<\/div>\n\t\t","protected":false},"excerpt":{"rendered":"<p>Versand Sie k\u00f6nnen die Versandkosten \u00fcber den unten stehenden Link bezahlen. Die Bezahlung erfolgt sicher \u00fcber unseren Webshop.<\/p>\n","protected":false},"author":2,"featured_media":4415,"parent":0,"menu_order":0,"comment_status":"closed","ping_status":"closed","template":"","meta":{"footnotes":""},"class_list":["post-7565","page","type-page","status-publish","has-post-thumbnail","hentry"],"_links":{"self":[{"href":"https:\/\/spabron.nl\/de\/wp-json\/wp\/v2\/pages\/7565","targetHints":{"allow":["GET"]}}],"collection":[{"href":"https:\/\/spabron.nl\/de\/wp-json\/wp\/v2\/pages"}],"about":[{"href":"https:\/\/spabron.nl\/de\/wp-json\/wp\/v2\/types\/page"}],"author":[{"embeddable":true,"href":"https:\/\/spabron.nl\/de\/wp-json\/wp\/v2\/users\/2"}],"replies":[{"embeddable":true,"href":"https:\/\/spabron.nl\/de\/wp-json\/wp\/v2\/comments?post=7565"}],"version-history":[{"count":2,"href":"https:\/\/spabron.nl\/de\/wp-json\/wp\/v2\/pages\/7565\/revisions"}],"predecessor-version":[{"id":7573,"href":"https:\/\/spabron.nl\/de\/wp-json\/wp\/v2\/pages\/7565\/revisions\/7573"}],"wp:featuredmedia":[{"embeddable":true,"href":"https:\/\/spabron.nl\/de\/wp-json\/wp\/v2\/media\/4415"}],"wp:attachment":[{"href":"https:\/\/spabron.nl\/de\/wp-json\/wp\/v2\/media?parent=7565"}],"curies":[{"name":"wp","href":"https:\/\/api.w.org\/{rel}","templated":true}]}}